{"id":55876,"date":"2024-02-20T10:10:25","date_gmt":"2024-02-20T09:10:25","guid":{"rendered":"https:\/\/borhazapartman.hu\/uj\/koszonjuk\/"},"modified":"2024-04-20T14:02:25","modified_gmt":"2024-04-20T13:02:25","slug":"koszonjuk","status":"publish","type":"page","link":"https:\/\/borhazapartman.hu\/pl\/koszonjuk\/","title":{"rendered":"K\u00f6sz\u00f6nj\u00fck!"},"content":{"rendered":"<div class=\"wpb-content-wrapper\"><p>[vc_row full_width=&#8221;stretch_row&#8221; gap=&#8221;20&#8243; equal_height=&#8221;yes&#8221; content_placement=&#8221;middle&#8221; bg_type=&#8221;bg_color&#8221; type=&#8221;vc_default&#8221; margin_top=&#8221;75&#8243; margin_bottom=&#8221;20&#8243; min_height=&#8221;0&#8243; css=&#8221;.vc_custom_1708423581296{padding-top: 60px !important;padding-bottom: 60px !important;background-color: #ffffff !important;}&#8221; bg_color_value=&#8221;#ffffff&#8221;][vc_column offset=&#8221;vc_col-lg-6 vc_col-md-6 vc_col-xs-12&#8243; css=&#8221;.vc_custom_1708416693014{padding-top: 0px !important;padding-bottom: 0px !important;}&#8221;]<div id=\"ultimate-heading-923369f5599ce7beb\" class=\"uvc-heading ult-adjust-bottom-margin ultimate-heading-923369f5599ce7beb uvc-1979 \" data-hspacer=\"no_spacer\"  data-halign=\"left\" style=\"text-align:left\"><div class=\"uvc-heading-spacer no_spacer\" style=\"top\"><\/div><div class=\"uvc-main-heading ult-responsive\"  data-ultimate-target='.uvc-heading.ultimate-heading-923369f5599ce7beb h2'  data-responsive-json-new='{\"font-size\":\"desktop:34px;\",\"line-height\":\"desktop:44px;\"}' ><h2 style=\"--font-weight:theme;margin-bottom:8px;\">K\u00f6sz\u00f6nj\u00fck \u00e9rdekl\u0151d\u00e9s\u00e9t!<\/h2><\/div><\/div>[vc_column_text]Hamarosan visszajelz\u00fcnk foglal\u00e1s\u00e1val kapcsolatban.<\/p>\n<p>\u00dcdv\u00f6zlettel:[\/vc_column_text][vc_single_image image=&#8221;55713&#8243; img_size=&#8221;full&#8221; css=&#8221;.vc_custom_1709407416319{margin-bottom: 0px !important;}&#8221;][\/vc_column][vc_column offset=&#8221;vc_col-lg-6 vc_col-md-6 vc_hidden-sm vc_col-xs-12 vc_hidden-xs&#8221; css=&#8221;.vc_custom_1708421508048{padding-top: 202px !important;padding-bottom: 200px !important;background-image: url(https:\/\/borhazapartman.hu\/wp-content\/uploads\/2024\/02\/terasz-borhaz-apartman-vendeghaz-szallashely-eger-al.jpg?id=55615) !important;background-position: center !important;background-repeat: no-repeat !important;background-size: cover !important;}&#8221;][\/vc_column][\/vc_row]<\/p>\n<\/div>","protected":false},"excerpt":{"rendered":"<p>[vc_row full_width=&#8221;stretch_row&#8221; gap=&#8221;20&#8243; equal_height=&#8221;yes&#8221; content_placement=&#8221;middle&#8221; bg_type=&#8221;bg_color&#8221; type=&#8221;vc_default&#8221; margin_top=&#8221;75&#8243; margin_bottom=&#8221;20&#8243; min_height=&#8221;0&#8243; css=&#8221;.vc_custom_1708423581296{padding-top: 60px !important;padding-bottom: 60px !important;background-color: #ffffff !important;}&#8221; bg_color_value=&#8221;#ffffff&#8221;][vc_column offset=&#8221;vc_col-lg-6 vc_col-md-6 vc_col-xs-12&#8243; css=&#8221;.vc_custom_1708416693014{padding-top: 0px !important;padding-bottom: 0px !important;}&#8221;][vc_column_text]Hamarosan visszajelz\u00fcnk foglal\u00e1s\u00e1val kapcsolatban. \u00dcdv\u00f6zlettel:[\/vc_column_text][vc_single_image image=&#8221;55713&#8243; img_size=&#8221;full&#8221; css=&#8221;.vc_custom_1709407416319{margin-bottom: 0px !important;}&#8221;][\/vc_column][vc_column offset=&#8221;vc_col-lg-6 vc_col-md-6 vc_hidden-sm vc_col-xs-12 vc_hidden-xs&#8221; css=&#8221;.vc_custom_1708421508048{padding-top: 202px !important;padding-bottom: 200px !important;background-image: url(https:\/\/borhazapartman.hu\/wp-content\/uploads\/2024\/02\/terasz-borhaz-apartman-vendeghaz-szallashely-eger-al.jpg?id=55615) !important;background-position: center !important;background-repeat: no-repeat !important;background-size: cover !important;}&#8221;][\/vc_column][\/vc_row]<\/p>\n","protected":false},"author":1,"featured_media":0,"parent":0,"menu_order":0,"comment_status":"closed","ping_status":"closed","template":"","meta":{"footnotes":""},"class_list":["post-55876","page","type-page","status-publish","hentry","description-off"],"yoast_head":"<!-- This site is optimized with the Yoast SEO plugin v22.2 - https:\/\/yoast.com\/wordpress\/plugins\/seo\/ -->\n<title>K\u00f6sz\u00f6nj\u00fck! - Borh\u00e1z Apartman Eger<\/title>\n<meta name=\"robots\" content=\"index, follow, max-snippet:-1, max-image-preview:large, max-video-preview:-1\" \/>\n<link rel=\"canonical\" href=\"https:\/\/borhazapartman.hu\/pl\/koszonjuk\/\" \/>\n<meta property=\"og:locale\" content=\"pl_PL\" \/>\n<meta property=\"og:type\" content=\"article\" \/>\n<meta property=\"og:title\" content=\"K\u00f6sz\u00f6nj\u00fck! - Borh\u00e1z Apartman Eger\" \/>\n<meta property=\"og:description\" content=\"[vc_row full_width=&#8221;stretch_row&#8221; gap=&#8221;20&#8243; equal_height=&#8221;yes&#8221; content_placement=&#8221;middle&#8221; bg_type=&#8221;bg_color&#8221; type=&#8221;vc_default&#8221; margin_top=&#8221;75&#8243; margin_bottom=&#8221;20&#8243; min_height=&#8221;0&#8243; css=&#8221;.vc_custom_1708423581296{padding-top: 60px !important;padding-bottom: 60px !important;background-color: #ffffff !important;}&#8221; bg_color_value=&#8221;#ffffff&#8221;][vc_column offset=&#8221;vc_col-lg-6 vc_col-md-6 vc_col-xs-12&#8243; css=&#8221;.vc_custom_1708416693014{padding-top: 0px !important;padding-bottom: 0px !important;}&#8221;][vc_column_text]Hamarosan visszajelz\u00fcnk foglal\u00e1s\u00e1val kapcsolatban. \u00dcdv\u00f6zlettel:[\/vc_column_text][vc_single_image image=&#8221;55713&#8243; img_size=&#8221;full&#8221; css=&#8221;.vc_custom_1709407416319{margin-bottom: 0px !important;}&#8221;][\/vc_column][vc_column offset=&#8221;vc_col-lg-6 vc_col-md-6 vc_hidden-sm vc_col-xs-12 vc_hidden-xs&#8221; css=&#8221;.vc_custom_1708421508048{padding-top: 202px !important;padding-bottom: 200px !important;background-image: url(https:\/\/borhazapartman.hu\/wp-content\/uploads\/2024\/02\/terasz-borhaz-apartman-vendeghaz-szallashely-eger-al.jpg?id=55615) !important;background-position: center !important;background-repeat: no-repeat !important;background-size: cover !important;}&#8221;][\/vc_column][\/vc_row]\" \/>\n<meta property=\"og:url\" content=\"https:\/\/borhazapartman.hu\/pl\/koszonjuk\/\" \/>\n<meta property=\"og:site_name\" content=\"Borh\u00e1z Apartman Eger\" \/>\n<meta property=\"article:modified_time\" content=\"2024-04-20T13:02:25+00:00\" \/>\n<meta name=\"twitter:card\" content=\"summary_large_image\" \/>\n<meta name=\"twitter:label1\" content=\"Szacowany czas czytania\" \/>\n\t<meta name=\"twitter:data1\" content=\"1 minuta\" \/>\n<script type=\"application\/ld+json\" class=\"yoast-schema-graph\">{\"@context\":\"https:\/\/schema.org\",\"@graph\":[{\"@type\":\"WebPage\",\"@id\":\"https:\/\/borhazapartman.hu\/pl\/koszonjuk\/\",\"url\":\"https:\/\/borhazapartman.hu\/pl\/koszonjuk\/\",\"name\":\"K\u00f6sz\u00f6nj\u00fck! - Borh\u00e1z Apartman Eger\",\"isPartOf\":{\"@id\":\"https:\/\/borhazapartman.hu\/pl\/#website\"},\"datePublished\":\"2024-02-20T09:10:25+00:00\",\"dateModified\":\"2024-04-20T13:02:25+00:00\",\"breadcrumb\":{\"@id\":\"https:\/\/borhazapartman.hu\/pl\/koszonjuk\/#breadcrumb\"},\"inLanguage\":\"pl-PL\",\"potentialAction\":[{\"@type\":\"ReadAction\",\"target\":[\"https:\/\/borhazapartman.hu\/pl\/koszonjuk\/\"]}]},{\"@type\":\"BreadcrumbList\",\"@id\":\"https:\/\/borhazapartman.hu\/pl\/koszonjuk\/#breadcrumb\",\"itemListElement\":[{\"@type\":\"ListItem\",\"position\":1,\"name\":\"Kezd\u0151lap\",\"item\":\"https:\/\/borhazapartman.hu\/pl\/\"},{\"@type\":\"ListItem\",\"position\":2,\"name\":\"K\u00f6sz\u00f6nj\u00fck!\"}]},{\"@type\":\"WebSite\",\"@id\":\"https:\/\/borhazapartman.hu\/pl\/#website\",\"url\":\"https:\/\/borhazapartman.hu\/pl\/\",\"name\":\"Borh\u00e1z Apartman Eger\",\"description\":\"Hangulatos pihen\u00e9s egy rusztikus-modern pr\u00e9sh\u00e1zban\",\"potentialAction\":[{\"@type\":\"SearchAction\",\"target\":{\"@type\":\"EntryPoint\",\"urlTemplate\":\"https:\/\/borhazapartman.hu\/pl\/?s={search_term_string}\"},\"query-input\":\"required name=search_term_string\"}],\"inLanguage\":\"pl-PL\"}]}<\/script>\n<!-- \/ Yoast SEO plugin. -->","yoast_head_json":{"title":"K\u00f6sz\u00f6nj\u00fck! - Borh\u00e1z Apartman Eger","robots":{"index":"index","follow":"follow","max-snippet":"max-snippet:-1","max-image-preview":"max-image-preview:large","max-video-preview":"max-video-preview:-1"},"canonical":"https:\/\/borhazapartman.hu\/pl\/koszonjuk\/","og_locale":"pl_PL","og_type":"article","og_title":"K\u00f6sz\u00f6nj\u00fck! - Borh\u00e1z Apartman Eger","og_description":"[vc_row full_width=&#8221;stretch_row&#8221; gap=&#8221;20&#8243; equal_height=&#8221;yes&#8221; content_placement=&#8221;middle&#8221; bg_type=&#8221;bg_color&#8221; type=&#8221;vc_default&#8221; margin_top=&#8221;75&#8243; margin_bottom=&#8221;20&#8243; min_height=&#8221;0&#8243; css=&#8221;.vc_custom_1708423581296{padding-top: 60px !important;padding-bottom: 60px !important;background-color: #ffffff !important;}&#8221; bg_color_value=&#8221;#ffffff&#8221;][vc_column offset=&#8221;vc_col-lg-6 vc_col-md-6 vc_col-xs-12&#8243; css=&#8221;.vc_custom_1708416693014{padding-top: 0px !important;padding-bottom: 0px !important;}&#8221;][vc_column_text]Hamarosan visszajelz\u00fcnk foglal\u00e1s\u00e1val kapcsolatban. \u00dcdv\u00f6zlettel:[\/vc_column_text][vc_single_image image=&#8221;55713&#8243; img_size=&#8221;full&#8221; css=&#8221;.vc_custom_1709407416319{margin-bottom: 0px !important;}&#8221;][\/vc_column][vc_column offset=&#8221;vc_col-lg-6 vc_col-md-6 vc_hidden-sm vc_col-xs-12 vc_hidden-xs&#8221; css=&#8221;.vc_custom_1708421508048{padding-top: 202px !important;padding-bottom: 200px !important;background-image: url(https:\/\/borhazapartman.hu\/wp-content\/uploads\/2024\/02\/terasz-borhaz-apartman-vendeghaz-szallashely-eger-al.jpg?id=55615) !important;background-position: center !important;background-repeat: no-repeat !important;background-size: cover !important;}&#8221;][\/vc_column][\/vc_row]","og_url":"https:\/\/borhazapartman.hu\/pl\/koszonjuk\/","og_site_name":"Borh\u00e1z Apartman Eger","article_modified_time":"2024-04-20T13:02:25+00:00","twitter_card":"summary_large_image","twitter_misc":{"Szacowany czas czytania":"1 minuta"},"schema":{"@context":"https:\/\/schema.org","@graph":[{"@type":"WebPage","@id":"https:\/\/borhazapartman.hu\/pl\/koszonjuk\/","url":"https:\/\/borhazapartman.hu\/pl\/koszonjuk\/","name":"K\u00f6sz\u00f6nj\u00fck! - Borh\u00e1z Apartman Eger","isPartOf":{"@id":"https:\/\/borhazapartman.hu\/pl\/#website"},"datePublished":"2024-02-20T09:10:25+00:00","dateModified":"2024-04-20T13:02:25+00:00","breadcrumb":{"@id":"https:\/\/borhazapartman.hu\/pl\/koszonjuk\/#breadcrumb"},"inLanguage":"pl-PL","potentialAction":[{"@type":"ReadAction","target":["https:\/\/borhazapartman.hu\/pl\/koszonjuk\/"]}]},{"@type":"BreadcrumbList","@id":"https:\/\/borhazapartman.hu\/pl\/koszonjuk\/#breadcrumb","itemListElement":[{"@type":"ListItem","position":1,"name":"Kezd\u0151lap","item":"https:\/\/borhazapartman.hu\/pl\/"},{"@type":"ListItem","position":2,"name":"K\u00f6sz\u00f6nj\u00fck!"}]},{"@type":"WebSite","@id":"https:\/\/borhazapartman.hu\/pl\/#website","url":"https:\/\/borhazapartman.hu\/pl\/","name":"Borh\u00e1z Apartman Eger","description":"Hangulatos pihen\u00e9s egy rusztikus-modern pr\u00e9sh\u00e1zban","potentialAction":[{"@type":"SearchAction","target":{"@type":"EntryPoint","urlTemplate":"https:\/\/borhazapartman.hu\/pl\/?s={search_term_string}"},"query-input":"required name=search_term_string"}],"inLanguage":"pl-PL"}]}},"_links":{"self":[{"href":"https:\/\/borhazapartman.hu\/pl\/wp-json\/wp\/v2\/pages\/55876","targetHints":{"allow":["GET"]}}],"collection":[{"href":"https:\/\/borhazapartman.hu\/pl\/wp-json\/wp\/v2\/pages"}],"about":[{"href":"https:\/\/borhazapartman.hu\/pl\/wp-json\/wp\/v2\/types\/page"}],"author":[{"embeddable":true,"href":"https:\/\/borhazapartman.hu\/pl\/wp-json\/wp\/v2\/users\/1"}],"replies":[{"embeddable":true,"href":"https:\/\/borhazapartman.hu\/pl\/wp-json\/wp\/v2\/comments?post=55876"}],"version-history":[{"count":1,"href":"https:\/\/borhazapartman.hu\/pl\/wp-json\/wp\/v2\/pages\/55876\/revisions"}],"predecessor-version":[{"id":56002,"href":"https:\/\/borhazapartman.hu\/pl\/wp-json\/wp\/v2\/pages\/55876\/revisions\/56002"}],"wp:attachment":[{"href":"https:\/\/borhazapartman.hu\/pl\/wp-json\/wp\/v2\/media?parent=55876"}],"curies":[{"name":"wp","href":"https:\/\/api.w.org\/{rel}","templated":true}]}}