{"id":55874,"date":"2024-02-20T10:08:38","date_gmt":"2024-02-20T09:08:38","guid":{"rendered":"https:\/\/borhazapartman.hu\/uj\/impresszum\/"},"modified":"2024-09-04T18:20:12","modified_gmt":"2024-09-04T17:20:12","slug":"impressum","status":"publish","type":"page","link":"https:\/\/borhazapartman.hu\/pl\/impressum\/","title":{"rendered":"Impressum"},"content":{"rendered":"<div class=\"wpb-content-wrapper\"><p>[vc_row full_width=&#8221;stretch_row&#8221; gap=&#8221;20&#8243; equal_height=&#8221;yes&#8221; content_placement=&#8221;middle&#8221; bg_type=&#8221;bg_color&#8221; type=&#8221;vc_default&#8221; margin_top=&#8221;75&#8243; margin_bottom=&#8221;20&#8243; min_height=&#8221;0&#8243; css=&#8221;.vc_custom_1708423581296{padding-top: 60px !important;padding-bottom: 60px !important;background-color: #ffffff !important;}&#8221; bg_color_value=&#8221;#ffffff&#8221;][vc_column offset=&#8221;vc_col-lg-6 vc_col-md-6 vc_col-xs-12&#8243; css=&#8221;.vc_custom_1708416693014{padding-top: 0px !important;padding-bottom: 0px !important;}&#8221;]<div id=\"ultimate-heading-46406a09404b46ad4\" class=\"uvc-heading ult-adjust-bottom-margin ultimate-heading-46406a09404b46ad4 uvc-2608 \" data-hspacer=\"no_spacer\"  data-halign=\"left\" style=\"text-align:left\"><div class=\"uvc-heading-spacer no_spacer\" style=\"top\"><\/div><div class=\"uvc-main-heading ult-responsive\"  data-ultimate-target='.uvc-heading.ultimate-heading-46406a09404b46ad4 h2'  data-responsive-json-new='{\"font-size\":\"desktop:34px;\",\"line-height\":\"desktop:44px;\"}' ><h2 style=\"--font-weight:theme;margin-bottom:8px;\">Impresszum<\/h2><\/div><\/div>[vc_column_text]<\/p>\n<ul>\n<li>Szolg\u00e1ltat\u00f3 neve: Havasi No\u00e9mi<\/li>\n<li>Sz\u00e9khely: 3300 Eger, Koszor\u00fa utca 69.<\/li>\n<li>E-mail c\u00edm: info@borhazapartman.hu<\/li>\n<li>Telefonsz\u00e1m: +36 70 363 3309<\/li>\n<li>Nyilv\u00e1ntart\u00e1sba vev\u0151 hat\u00f3s\u00e1g: Eger Megyei Jog\u00fa V\u00e1ros \u00d6nkorm\u00e1nyzati Ad\u00f3hat\u00f3s\u00e1ga<\/li>\n<li>Nyilv\u00e1ntart\u00e1si sz\u00e1m: 425\/2024<\/li>\n<li>Ad\u00f3sz\u00e1m: 48352178-1-30<\/li>\n<li>NTAK regisztr\u00e1ci\u00f3s sz\u00e1m: MA24096815<\/li>\n<li>T\u00e1rhelyszolg\u00e1ltat\u00f3: T\u00e1rhely.Eu Szolg\u00e1ltat\u00f3 Kft. (1097 Budapest, K\u00f6nyves K\u00e1lm\u00e1n k\u00f6r\u00fat 12-14., Telefon: <a href=\"tel:+3617892789\">+36 1 789 2 789<\/a>)<\/li>\n<\/ul>\n<p>[\/vc_column_text][\/vc_column][vc_column offset=&#8221;vc_col-lg-6 vc_col-md-6 vc_hidden-sm vc_col-xs-12 vc_hidden-xs&#8221; css=&#8221;.vc_custom_1708421508048{padding-top: 202px !important;padding-bottom: 200px !important;background-image: url(https:\/\/borhazapartman.hu\/wp-content\/uploads\/2024\/02\/terasz-borhaz-apartman-vendeghaz-szallashely-eger-al.jpg?id=55615) !important;background-position: center !important;background-repeat: no-repeat !important;background-size: cover !important;}&#8221;][\/vc_column][\/vc_row]<\/p>\n<\/div>","protected":false},"excerpt":{"rendered":"<p>[vc_row full_width=&#8221;stretch_row&#8221; gap=&#8221;20&#8243; equal_height=&#8221;yes&#8221; content_placement=&#8221;middle&#8221; bg_type=&#8221;bg_color&#8221; type=&#8221;vc_default&#8221; margin_top=&#8221;75&#8243; margin_bottom=&#8221;20&#8243; min_height=&#8221;0&#8243; css=&#8221;.vc_custom_1708423581296{padding-top: 60px !important;padding-bottom: 60px !important;background-color: #ffffff !important;}&#8221; bg_color_value=&#8221;#ffffff&#8221;][vc_column offset=&#8221;vc_col-lg-6 vc_col-md-6 vc_col-xs-12&#8243; css=&#8221;.vc_custom_1708416693014{padding-top: 0px !important;padding-bottom: 0px !important;}&#8221;][vc_column_text] Szolg\u00e1ltat\u00f3 neve: Havasi No\u00e9mi Sz\u00e9khely: 3300 Eger, Koszor\u00fa utca 69. E-mail c\u00edm: info@borhazapartman.hu Telefonsz\u00e1m: +36 70 363 3309 Nyilv\u00e1ntart\u00e1sba vev\u0151 hat\u00f3s\u00e1g: Eger Megyei Jog\u00fa V\u00e1ros \u00d6nkorm\u00e1nyzati Ad\u00f3hat\u00f3s\u00e1ga Nyilv\u00e1ntart\u00e1si sz\u00e1m:&hellip;<\/p>\n","protected":false},"author":1,"featured_media":0,"parent":0,"menu_order":0,"comment_status":"closed","ping_status":"closed","template":"","meta":{"footnotes":""},"class_list":["post-55874","page","type-page","status-publish","hentry","description-off"],"yoast_head":"<!-- This site is optimized with the Yoast SEO plugin v27.5 - https:\/\/yoast.com\/product\/yoast-seo-wordpress\/ -->\n<title>Impressum - Borh\u00e1z Apartman Eger<\/title>\n<meta name=\"robots\" content=\"index, follow, max-snippet:-1, max-image-preview:large, max-video-preview:-1\" \/>\n<link rel=\"canonical\" href=\"https:\/\/borhazapartman.hu\/pl\/impressum\/\" \/>\n<meta property=\"og:locale\" content=\"pl_PL\" \/>\n<meta property=\"og:type\" content=\"article\" \/>\n<meta property=\"og:title\" content=\"Impressum - Borh\u00e1z Apartman Eger\" \/>\n<meta property=\"og:description\" content=\"[vc_row full_width=&#8221;stretch_row&#8221; gap=&#8221;20&#8243; equal_height=&#8221;yes&#8221; content_placement=&#8221;middle&#8221; bg_type=&#8221;bg_color&#8221; type=&#8221;vc_default&#8221; margin_top=&#8221;75&#8243; margin_bottom=&#8221;20&#8243; min_height=&#8221;0&#8243; css=&#8221;.vc_custom_1708423581296{padding-top: 60px !important;padding-bottom: 60px !important;background-color: #ffffff !important;}&#8221; bg_color_value=&#8221;#ffffff&#8221;][vc_column offset=&#8221;vc_col-lg-6 vc_col-md-6 vc_col-xs-12&#8243; css=&#8221;.vc_custom_1708416693014{padding-top: 0px !important;padding-bottom: 0px !important;}&#8221;][vc_column_text] Szolg\u00e1ltat\u00f3 neve: Havasi No\u00e9mi Sz\u00e9khely: 3300 Eger, Koszor\u00fa utca 69. E-mail c\u00edm: info@borhazapartman.hu Telefonsz\u00e1m: +36 70 363 3309 Nyilv\u00e1ntart\u00e1sba vev\u0151 hat\u00f3s\u00e1g: Eger Megyei Jog\u00fa V\u00e1ros \u00d6nkorm\u00e1nyzati Ad\u00f3hat\u00f3s\u00e1ga Nyilv\u00e1ntart\u00e1si sz\u00e1m:&hellip;\" \/>\n<meta property=\"og:url\" content=\"https:\/\/borhazapartman.hu\/pl\/impressum\/\" \/>\n<meta property=\"og:site_name\" content=\"Borh\u00e1z Apartman Eger\" \/>\n<meta property=\"article:modified_time\" content=\"2024-09-04T17:20:12+00:00\" \/>\n<meta name=\"twitter:card\" content=\"summary_large_image\" \/>\n<meta name=\"twitter:label1\" content=\"Szacowany czas czytania\" \/>\n\t<meta name=\"twitter:data1\" content=\"1 minuta\" \/>\n<script type=\"application\/ld+json\" class=\"yoast-schema-graph\">{\"@context\":\"https:\\\/\\\/schema.org\",\"@graph\":[{\"@type\":\"WebPage\",\"@id\":\"https:\\\/\\\/borhazapartman.hu\\\/pl\\\/impressum\\\/\",\"url\":\"https:\\\/\\\/borhazapartman.hu\\\/pl\\\/impressum\\\/\",\"name\":\"Impressum - Borh\u00e1z Apartman Eger\",\"isPartOf\":{\"@id\":\"https:\\\/\\\/borhazapartman.hu\\\/pl\\\/#website\"},\"datePublished\":\"2024-02-20T09:08:38+00:00\",\"dateModified\":\"2024-09-04T17:20:12+00:00\",\"breadcrumb\":{\"@id\":\"https:\\\/\\\/borhazapartman.hu\\\/pl\\\/impressum\\\/#breadcrumb\"},\"inLanguage\":\"pl-PL\",\"potentialAction\":[{\"@type\":\"ReadAction\",\"target\":[\"https:\\\/\\\/borhazapartman.hu\\\/pl\\\/impressum\\\/\"]}]},{\"@type\":\"BreadcrumbList\",\"@id\":\"https:\\\/\\\/borhazapartman.hu\\\/pl\\\/impressum\\\/#breadcrumb\",\"itemListElement\":[{\"@type\":\"ListItem\",\"position\":1,\"name\":\"Kezd\u0151lap\",\"item\":\"https:\\\/\\\/borhazapartman.hu\\\/pl\\\/\"},{\"@type\":\"ListItem\",\"position\":2,\"name\":\"Impressum\"}]},{\"@type\":\"WebSite\",\"@id\":\"https:\\\/\\\/borhazapartman.hu\\\/pl\\\/#website\",\"url\":\"https:\\\/\\\/borhazapartman.hu\\\/pl\\\/\",\"name\":\"Borh\u00e1z Apartman Eger\",\"description\":\"Hangulatos pihen\u00e9s egy rusztikus-modern pr\u00e9sh\u00e1zban\",\"potentialAction\":[{\"@type\":\"SearchAction\",\"target\":{\"@type\":\"EntryPoint\",\"urlTemplate\":\"https:\\\/\\\/borhazapartman.hu\\\/pl\\\/?s={search_term_string}\"},\"query-input\":{\"@type\":\"PropertyValueSpecification\",\"valueRequired\":true,\"valueName\":\"search_term_string\"}}],\"inLanguage\":\"pl-PL\"}]}<\/script>\n<!-- \/ Yoast SEO plugin. -->","yoast_head_json":{"title":"Impressum - Borh\u00e1z Apartman Eger","robots":{"index":"index","follow":"follow","max-snippet":"max-snippet:-1","max-image-preview":"max-image-preview:large","max-video-preview":"max-video-preview:-1"},"canonical":"https:\/\/borhazapartman.hu\/pl\/impressum\/","og_locale":"pl_PL","og_type":"article","og_title":"Impressum - Borh\u00e1z Apartman Eger","og_description":"[vc_row full_width=&#8221;stretch_row&#8221; gap=&#8221;20&#8243; equal_height=&#8221;yes&#8221; content_placement=&#8221;middle&#8221; bg_type=&#8221;bg_color&#8221; type=&#8221;vc_default&#8221; margin_top=&#8221;75&#8243; margin_bottom=&#8221;20&#8243; min_height=&#8221;0&#8243; css=&#8221;.vc_custom_1708423581296{padding-top: 60px !important;padding-bottom: 60px !important;background-color: #ffffff !important;}&#8221; bg_color_value=&#8221;#ffffff&#8221;][vc_column offset=&#8221;vc_col-lg-6 vc_col-md-6 vc_col-xs-12&#8243; css=&#8221;.vc_custom_1708416693014{padding-top: 0px !important;padding-bottom: 0px !important;}&#8221;][vc_column_text] Szolg\u00e1ltat\u00f3 neve: Havasi No\u00e9mi Sz\u00e9khely: 3300 Eger, Koszor\u00fa utca 69. E-mail c\u00edm: info@borhazapartman.hu Telefonsz\u00e1m: +36 70 363 3309 Nyilv\u00e1ntart\u00e1sba vev\u0151 hat\u00f3s\u00e1g: Eger Megyei Jog\u00fa V\u00e1ros \u00d6nkorm\u00e1nyzati Ad\u00f3hat\u00f3s\u00e1ga Nyilv\u00e1ntart\u00e1si sz\u00e1m:&hellip;","og_url":"https:\/\/borhazapartman.hu\/pl\/impressum\/","og_site_name":"Borh\u00e1z Apartman Eger","article_modified_time":"2024-09-04T17:20:12+00:00","twitter_card":"summary_large_image","twitter_misc":{"Szacowany czas czytania":"1 minuta"},"schema":{"@context":"https:\/\/schema.org","@graph":[{"@type":"WebPage","@id":"https:\/\/borhazapartman.hu\/pl\/impressum\/","url":"https:\/\/borhazapartman.hu\/pl\/impressum\/","name":"Impressum - Borh\u00e1z Apartman Eger","isPartOf":{"@id":"https:\/\/borhazapartman.hu\/pl\/#website"},"datePublished":"2024-02-20T09:08:38+00:00","dateModified":"2024-09-04T17:20:12+00:00","breadcrumb":{"@id":"https:\/\/borhazapartman.hu\/pl\/impressum\/#breadcrumb"},"inLanguage":"pl-PL","potentialAction":[{"@type":"ReadAction","target":["https:\/\/borhazapartman.hu\/pl\/impressum\/"]}]},{"@type":"BreadcrumbList","@id":"https:\/\/borhazapartman.hu\/pl\/impressum\/#breadcrumb","itemListElement":[{"@type":"ListItem","position":1,"name":"Kezd\u0151lap","item":"https:\/\/borhazapartman.hu\/pl\/"},{"@type":"ListItem","position":2,"name":"Impressum"}]},{"@type":"WebSite","@id":"https:\/\/borhazapartman.hu\/pl\/#website","url":"https:\/\/borhazapartman.hu\/pl\/","name":"Borh\u00e1z Apartman Eger","description":"Hangulatos pihen\u00e9s egy rusztikus-modern pr\u00e9sh\u00e1zban","potentialAction":[{"@type":"SearchAction","target":{"@type":"EntryPoint","urlTemplate":"https:\/\/borhazapartman.hu\/pl\/?s={search_term_string}"},"query-input":{"@type":"PropertyValueSpecification","valueRequired":true,"valueName":"search_term_string"}}],"inLanguage":"pl-PL"}]}},"_links":{"self":[{"href":"https:\/\/borhazapartman.hu\/pl\/wp-json\/wp\/v2\/pages\/55874","targetHints":{"allow":["GET"]}}],"collection":[{"href":"https:\/\/borhazapartman.hu\/pl\/wp-json\/wp\/v2\/pages"}],"about":[{"href":"https:\/\/borhazapartman.hu\/pl\/wp-json\/wp\/v2\/types\/page"}],"author":[{"embeddable":true,"href":"https:\/\/borhazapartman.hu\/pl\/wp-json\/wp\/v2\/users\/1"}],"replies":[{"embeddable":true,"href":"https:\/\/borhazapartman.hu\/pl\/wp-json\/wp\/v2\/comments?post=55874"}],"version-history":[{"count":6,"href":"https:\/\/borhazapartman.hu\/pl\/wp-json\/wp\/v2\/pages\/55874\/revisions"}],"predecessor-version":[{"id":56042,"href":"https:\/\/borhazapartman.hu\/pl\/wp-json\/wp\/v2\/pages\/55874\/revisions\/56042"}],"wp:attachment":[{"href":"https:\/\/borhazapartman.hu\/pl\/wp-json\/wp\/v2\/media?parent=55874"}],"curies":[{"name":"wp","href":"https:\/\/api.w.org\/{rel}","templated":true}]}}