{"id":55875,"date":"2024-02-20T10:10:25","date_gmt":"2024-02-20T09:10:25","guid":{"rendered":"https:\/\/borhazapartman.hu\/uj\/koszonjuk\/"},"modified":"2024-04-20T14:09:01","modified_gmt":"2024-04-20T13:09:01","slug":"thank-you","status":"publish","type":"page","link":"https:\/\/borhazapartman.hu\/en\/thank-you\/","title":{"rendered":"Thank you!"},"content":{"rendered":"<div class=\"wpb-content-wrapper\"><p>[vc_row full_width=&#8221;stretch_row&#8221; gap=&#8221;20&#8243; equal_height=&#8221;yes&#8221; content_placement=&#8221;middle&#8221; bg_type=&#8221;bg_color&#8221; type=&#8221;vc_default&#8221; margin_top=&#8221;75&#8243; margin_bottom=&#8221;20&#8243; min_height=&#8221;0&#8243; css=&#8221;.vc_custom_1708423581296{padding-top: 60px !important;padding-bottom: 60px !important;background-color: #ffffff !important;}&#8221; bg_color_value=&#8221;#ffffff&#8221;][vc_column offset=&#8221;vc_col-lg-6 vc_col-md-6 vc_col-xs-12&#8243; css=&#8221;.vc_custom_1708416693014{padding-top: 0px !important;padding-bottom: 0px !important;}&#8221;]<div id=\"ultimate-heading-753469f5599ce832e\" class=\"uvc-heading ult-adjust-bottom-margin ultimate-heading-753469f5599ce832e uvc-9025 \" data-hspacer=\"no_spacer\"  data-halign=\"left\" style=\"text-align:left\"><div class=\"uvc-heading-spacer no_spacer\" style=\"top\"><\/div><div class=\"uvc-main-heading ult-responsive\"  data-ultimate-target='.uvc-heading.ultimate-heading-753469f5599ce832e h2'  data-responsive-json-new='{\"font-size\":\"desktop:34px;\",\"line-height\":\"desktop:44px;\"}' ><h2 style=\"--font-weight:theme;margin-bottom:8px;\">Thank you for your interest!<\/h2><\/div><\/div>[vc_column_text]We will get back to you shortly regarding your reservation.<\/p>\n<p>Best regards:[\/vc_column_text][vc_single_image image=&#8221;55896&#8243; img_size=&#8221;full&#8221; css=&#8221;.vc_custom_1713447293731{margin-bottom: 0px !important;}&#8221;][\/vc_column][vc_column offset=&#8221;vc_col-lg-6 vc_col-md-6 vc_hidden-sm vc_col-xs-12 vc_hidden-xs&#8221; css=&#8221;.vc_custom_1708421508048{padding-top: 202px !important;padding-bottom: 200px !important;background-image: url(https:\/\/borhazapartman.hu\/wp-content\/uploads\/2024\/02\/terasz-borhaz-apartman-vendeghaz-szallashely-eger-al.jpg?id=55615) !important;background-position: center !important;background-repeat: no-repeat !important;background-size: cover !important;}&#8221;][\/vc_column][\/vc_row]<\/p>\n<\/div>","protected":false},"excerpt":{"rendered":"<p>[vc_row full_width=&#8221;stretch_row&#8221; gap=&#8221;20&#8243; equal_height=&#8221;yes&#8221; content_placement=&#8221;middle&#8221; bg_type=&#8221;bg_color&#8221; type=&#8221;vc_default&#8221; margin_top=&#8221;75&#8243; margin_bottom=&#8221;20&#8243; min_height=&#8221;0&#8243; css=&#8221;.vc_custom_1708423581296{padding-top: 60px !important;padding-bottom: 60px !important;background-color: #ffffff !important;}&#8221; bg_color_value=&#8221;#ffffff&#8221;][vc_column offset=&#8221;vc_col-lg-6 vc_col-md-6 vc_col-xs-12&#8243; css=&#8221;.vc_custom_1708416693014{padding-top: 0px !important;padding-bottom: 0px !important;}&#8221;][vc_column_text]We will get back to you shortly regarding your reservation. Best regards:[\/vc_column_text][vc_single_image image=&#8221;55896&#8243; img_size=&#8221;full&#8221; css=&#8221;.vc_custom_1713447293731{margin-bottom: 0px !important;}&#8221;][\/vc_column][vc_column offset=&#8221;vc_col-lg-6 vc_col-md-6 vc_hidden-sm vc_col-xs-12 vc_hidden-xs&#8221; css=&#8221;.vc_custom_1708421508048{padding-top: 202px !important;padding-bottom: 200px !important;background-image: url(https:\/\/borhazapartman.hu\/wp-content\/uploads\/2024\/02\/terasz-borhaz-apartman-vendeghaz-szallashely-eger-al.jpg?id=55615) !important;background-position: center&hellip;<\/p>\n","protected":false},"author":1,"featured_media":0,"parent":0,"menu_order":0,"comment_status":"closed","ping_status":"closed","template":"","meta":{"footnotes":""},"class_list":["post-55875","page","type-page","status-publish","hentry","description-off"],"yoast_head":"<!-- This site is optimized with the Yoast SEO plugin v22.2 - https:\/\/yoast.com\/wordpress\/plugins\/seo\/ -->\n<title>Thank you! - Borh\u00e1z Apartman Eger<\/title>\n<meta name=\"robots\" content=\"index, follow, max-snippet:-1, max-image-preview:large, max-video-preview:-1\" \/>\n<link rel=\"canonical\" href=\"https:\/\/borhazapartman.hu\/en\/thank-you\/\" \/>\n<meta property=\"og:locale\" content=\"en_US\" \/>\n<meta property=\"og:type\" content=\"article\" \/>\n<meta property=\"og:title\" content=\"Thank you! - Borh\u00e1z Apartman Eger\" \/>\n<meta property=\"og:description\" content=\"[vc_row full_width=&#8221;stretch_row&#8221; gap=&#8221;20&#8243; equal_height=&#8221;yes&#8221; content_placement=&#8221;middle&#8221; bg_type=&#8221;bg_color&#8221; type=&#8221;vc_default&#8221; margin_top=&#8221;75&#8243; margin_bottom=&#8221;20&#8243; min_height=&#8221;0&#8243; css=&#8221;.vc_custom_1708423581296{padding-top: 60px !important;padding-bottom: 60px !important;background-color: #ffffff !important;}&#8221; bg_color_value=&#8221;#ffffff&#8221;][vc_column offset=&#8221;vc_col-lg-6 vc_col-md-6 vc_col-xs-12&#8243; css=&#8221;.vc_custom_1708416693014{padding-top: 0px !important;padding-bottom: 0px !important;}&#8221;][vc_column_text]We will get back to you shortly regarding your reservation. Best regards:[\/vc_column_text][vc_single_image image=&#8221;55896&#8243; img_size=&#8221;full&#8221; css=&#8221;.vc_custom_1713447293731{margin-bottom: 0px !important;}&#8221;][\/vc_column][vc_column offset=&#8221;vc_col-lg-6 vc_col-md-6 vc_hidden-sm vc_col-xs-12 vc_hidden-xs&#8221; css=&#8221;.vc_custom_1708421508048{padding-top: 202px !important;padding-bottom: 200px !important;background-image: url(https:\/\/borhazapartman.hu\/wp-content\/uploads\/2024\/02\/terasz-borhaz-apartman-vendeghaz-szallashely-eger-al.jpg?id=55615) !important;background-position: center&hellip;\" \/>\n<meta property=\"og:url\" content=\"https:\/\/borhazapartman.hu\/en\/thank-you\/\" \/>\n<meta property=\"og:site_name\" content=\"Borh\u00e1z Apartman Eger\" \/>\n<meta property=\"article:modified_time\" content=\"2024-04-20T13:09:01+00:00\" \/>\n<meta name=\"twitter:card\" content=\"summary_large_image\" \/>\n<meta name=\"twitter:label1\" content=\"Est. reading time\" \/>\n\t<meta name=\"twitter:data1\" content=\"1 minute\" \/>\n<script type=\"application\/ld+json\" class=\"yoast-schema-graph\">{\"@context\":\"https:\/\/schema.org\",\"@graph\":[{\"@type\":\"WebPage\",\"@id\":\"https:\/\/borhazapartman.hu\/en\/thank-you\/\",\"url\":\"https:\/\/borhazapartman.hu\/en\/thank-you\/\",\"name\":\"Thank you! - Borh\u00e1z Apartman Eger\",\"isPartOf\":{\"@id\":\"https:\/\/borhazapartman.hu\/en\/#website\"},\"datePublished\":\"2024-02-20T09:10:25+00:00\",\"dateModified\":\"2024-04-20T13:09:01+00:00\",\"breadcrumb\":{\"@id\":\"https:\/\/borhazapartman.hu\/en\/thank-you\/#breadcrumb\"},\"inLanguage\":\"en-US\",\"potentialAction\":[{\"@type\":\"ReadAction\",\"target\":[\"https:\/\/borhazapartman.hu\/en\/thank-you\/\"]}]},{\"@type\":\"BreadcrumbList\",\"@id\":\"https:\/\/borhazapartman.hu\/en\/thank-you\/#breadcrumb\",\"itemListElement\":[{\"@type\":\"ListItem\",\"position\":1,\"name\":\"Kezd\u0151lap\",\"item\":\"https:\/\/borhazapartman.hu\/en\/\"},{\"@type\":\"ListItem\",\"position\":2,\"name\":\"Thank you!\"}]},{\"@type\":\"WebSite\",\"@id\":\"https:\/\/borhazapartman.hu\/en\/#website\",\"url\":\"https:\/\/borhazapartman.hu\/en\/\",\"name\":\"Borh\u00e1z Apartman Eger\",\"description\":\"Hangulatos pihen\u00e9s egy rusztikus-modern pr\u00e9sh\u00e1zban\",\"potentialAction\":[{\"@type\":\"SearchAction\",\"target\":{\"@type\":\"EntryPoint\",\"urlTemplate\":\"https:\/\/borhazapartman.hu\/en\/?s={search_term_string}\"},\"query-input\":\"required name=search_term_string\"}],\"inLanguage\":\"en-US\"}]}<\/script>\n<!-- \/ Yoast SEO plugin. -->","yoast_head_json":{"title":"Thank you! - Borh\u00e1z Apartman Eger","robots":{"index":"index","follow":"follow","max-snippet":"max-snippet:-1","max-image-preview":"max-image-preview:large","max-video-preview":"max-video-preview:-1"},"canonical":"https:\/\/borhazapartman.hu\/en\/thank-you\/","og_locale":"en_US","og_type":"article","og_title":"Thank you! - Borh\u00e1z Apartman Eger","og_description":"[vc_row full_width=&#8221;stretch_row&#8221; gap=&#8221;20&#8243; equal_height=&#8221;yes&#8221; content_placement=&#8221;middle&#8221; bg_type=&#8221;bg_color&#8221; type=&#8221;vc_default&#8221; margin_top=&#8221;75&#8243; margin_bottom=&#8221;20&#8243; min_height=&#8221;0&#8243; css=&#8221;.vc_custom_1708423581296{padding-top: 60px !important;padding-bottom: 60px !important;background-color: #ffffff !important;}&#8221; bg_color_value=&#8221;#ffffff&#8221;][vc_column offset=&#8221;vc_col-lg-6 vc_col-md-6 vc_col-xs-12&#8243; css=&#8221;.vc_custom_1708416693014{padding-top: 0px !important;padding-bottom: 0px !important;}&#8221;][vc_column_text]We will get back to you shortly regarding your reservation. Best regards:[\/vc_column_text][vc_single_image image=&#8221;55896&#8243; img_size=&#8221;full&#8221; css=&#8221;.vc_custom_1713447293731{margin-bottom: 0px !important;}&#8221;][\/vc_column][vc_column offset=&#8221;vc_col-lg-6 vc_col-md-6 vc_hidden-sm vc_col-xs-12 vc_hidden-xs&#8221; css=&#8221;.vc_custom_1708421508048{padding-top: 202px !important;padding-bottom: 200px !important;background-image: url(https:\/\/borhazapartman.hu\/wp-content\/uploads\/2024\/02\/terasz-borhaz-apartman-vendeghaz-szallashely-eger-al.jpg?id=55615) !important;background-position: center&hellip;","og_url":"https:\/\/borhazapartman.hu\/en\/thank-you\/","og_site_name":"Borh\u00e1z Apartman Eger","article_modified_time":"2024-04-20T13:09:01+00:00","twitter_card":"summary_large_image","twitter_misc":{"Est. reading time":"1 minute"},"schema":{"@context":"https:\/\/schema.org","@graph":[{"@type":"WebPage","@id":"https:\/\/borhazapartman.hu\/en\/thank-you\/","url":"https:\/\/borhazapartman.hu\/en\/thank-you\/","name":"Thank you! - Borh\u00e1z Apartman Eger","isPartOf":{"@id":"https:\/\/borhazapartman.hu\/en\/#website"},"datePublished":"2024-02-20T09:10:25+00:00","dateModified":"2024-04-20T13:09:01+00:00","breadcrumb":{"@id":"https:\/\/borhazapartman.hu\/en\/thank-you\/#breadcrumb"},"inLanguage":"en-US","potentialAction":[{"@type":"ReadAction","target":["https:\/\/borhazapartman.hu\/en\/thank-you\/"]}]},{"@type":"BreadcrumbList","@id":"https:\/\/borhazapartman.hu\/en\/thank-you\/#breadcrumb","itemListElement":[{"@type":"ListItem","position":1,"name":"Kezd\u0151lap","item":"https:\/\/borhazapartman.hu\/en\/"},{"@type":"ListItem","position":2,"name":"Thank you!"}]},{"@type":"WebSite","@id":"https:\/\/borhazapartman.hu\/en\/#website","url":"https:\/\/borhazapartman.hu\/en\/","name":"Borh\u00e1z Apartman Eger","description":"Hangulatos pihen\u00e9s egy rusztikus-modern pr\u00e9sh\u00e1zban","potentialAction":[{"@type":"SearchAction","target":{"@type":"EntryPoint","urlTemplate":"https:\/\/borhazapartman.hu\/en\/?s={search_term_string}"},"query-input":"required name=search_term_string"}],"inLanguage":"en-US"}]}},"_links":{"self":[{"href":"https:\/\/borhazapartman.hu\/en\/wp-json\/wp\/v2\/pages\/55875","targetHints":{"allow":["GET"]}}],"collection":[{"href":"https:\/\/borhazapartman.hu\/en\/wp-json\/wp\/v2\/pages"}],"about":[{"href":"https:\/\/borhazapartman.hu\/en\/wp-json\/wp\/v2\/types\/page"}],"author":[{"embeddable":true,"href":"https:\/\/borhazapartman.hu\/en\/wp-json\/wp\/v2\/users\/1"}],"replies":[{"embeddable":true,"href":"https:\/\/borhazapartman.hu\/en\/wp-json\/wp\/v2\/comments?post=55875"}],"version-history":[{"count":2,"href":"https:\/\/borhazapartman.hu\/en\/wp-json\/wp\/v2\/pages\/55875\/revisions"}],"predecessor-version":[{"id":55899,"href":"https:\/\/borhazapartman.hu\/en\/wp-json\/wp\/v2\/pages\/55875\/revisions\/55899"}],"wp:attachment":[{"href":"https:\/\/borhazapartman.hu\/en\/wp-json\/wp\/v2\/media?parent=55875"}],"curies":[{"name":"wp","href":"https:\/\/api.w.org\/{rel}","templated":true}]}}